{"id":1096,"date":"2023-07-03T17:08:13","date_gmt":"2023-07-03T15:08:13","guid":{"rendered":"http:\/\/barotropic.org\/?page_id=1096"},"modified":"2023-07-03T17:08:17","modified_gmt":"2023-07-03T15:08:17","slug":"armen-race-victoire-de-frederic-nouel-sur-karavel-en-irc2","status":"publish","type":"page","link":"https:\/\/barotropic.fr\/index.php\/armen-race-victoire-de-frederic-nouel-sur-karavel-en-irc2\/","title":{"rendered":"ARMEN RACE Victoire de Fr\u00e9d\u00e9ric NOUEL sur KARAVEL en IRC2"},"content":{"rendered":"<div class=\"wp-block-image\">\n<figure class=\"aligncenter size-full\"><img loading=\"lazy\" decoding=\"async\" width=\"524\" height=\"611\" src=\"http:\/\/barotropic.org\/wp-content\/uploads\/2023\/07\/0aa278a0-63f9-7ddc-e0f5-009611d5245c.jpg\" alt=\"\" class=\"wp-image-1098\" srcset=\"https:\/\/barotropic.fr\/wp-content\/uploads\/2023\/07\/0aa278a0-63f9-7ddc-e0f5-009611d5245c.jpg 524w, https:\/\/barotropic.fr\/wp-content\/uploads\/2023\/07\/0aa278a0-63f9-7ddc-e0f5-009611d5245c-257x300.jpg 257w, https:\/\/barotropic.fr\/wp-content\/uploads\/2023\/07\/0aa278a0-63f9-7ddc-e0f5-009611d5245c-416x485.jpg 416w\" sizes=\"auto, (max-width: 524px) 100vw, 524px\" \/><\/figure>\n<\/div>\n\n\n<p>\u00ab Recommand\u00e9s par Christian Dumard nous avons utilis\u00e9 les gribs Barotropic.fr haute r\u00e9solution pour le Spi Ouest (baie de Quiberon) pour la JPK cup (Courreaux de Groix) puis pour l\u2019Armen Race (Zones Finist\u00e8re, Bretagne Sud et Aquitaine pour Yeu). Ils se sont r\u00e9v\u00e9l\u00e9s \u00e0 chaque fois particuli\u00e8rement fiables. leurs pr\u00e9cisions ouvre des options de route autrement inconcevables. \u00bb<\/p>\n","protected":false},"excerpt":{"rendered":"<p>\u00ab Recommand\u00e9s par Christian Dumard nous avons utilis\u00e9 les gribs Barotropic.fr haute r\u00e9solution pour le Spi Ouest (baie de Quiberon) pour la JPK cup (Courreaux de Groix) puis pour l\u2019Armen Race (Zones Finist\u00e8re, Bretagne Sud et Aquitaine pour Yeu). Ils se sont r\u00e9v\u00e9l\u00e9s \u00e0 chaque fois particuli\u00e8rement fiables. leurs pr\u00e9cisions ouvre des options de route [&hellip;]<\/p>\n","protected":false},"author":2,"featured_media":0,"parent":0,"menu_order":0,"comment_status":"closed","ping_status":"closed","template":"","meta":{"footnotes":""},"class_list":["post-1096","page","type-page","status-publish","hentry"],"jetpack_sharing_enabled":true,"_links":{"self":[{"href":"https:\/\/barotropic.fr\/index.php\/wp-json\/wp\/v2\/pages\/1096","targetHints":{"allow":["GET"]}}],"collection":[{"href":"https:\/\/barotropic.fr\/index.php\/wp-json\/wp\/v2\/pages"}],"about":[{"href":"https:\/\/barotropic.fr\/index.php\/wp-json\/wp\/v2\/types\/page"}],"author":[{"embeddable":true,"href":"https:\/\/barotropic.fr\/index.php\/wp-json\/wp\/v2\/users\/2"}],"replies":[{"embeddable":true,"href":"https:\/\/barotropic.fr\/index.php\/wp-json\/wp\/v2\/comments?post=1096"}],"version-history":[{"count":3,"href":"https:\/\/barotropic.fr\/index.php\/wp-json\/wp\/v2\/pages\/1096\/revisions"}],"predecessor-version":[{"id":1101,"href":"https:\/\/barotropic.fr\/index.php\/wp-json\/wp\/v2\/pages\/1096\/revisions\/1101"}],"wp:attachment":[{"href":"https:\/\/barotropic.fr\/index.php\/wp-json\/wp\/v2\/media?parent=1096"}],"curies":[{"name":"wp","href":"https:\/\/api.w.org\/{rel}","templated":true}]}}