{"id":170,"date":"2023-02-16T12:57:54","date_gmt":"2023-02-16T11:57:54","guid":{"rendered":"http:\/\/barotropic.org\/?page_id=170"},"modified":"2023-10-07T11:56:36","modified_gmt":"2023-10-07T09:56:36","slug":"comment-acceder-a-mes-gribs","status":"publish","type":"page","link":"https:\/\/barotropic.fr\/index.php\/comment-acceder-a-mes-gribs\/","title":{"rendered":"Comment acc\u00e9der \u00e0 mes gribs?"},"content":{"rendered":"\n<p>Rien de plus simple.<\/p>\n\n\n\n<p>Passez votre commande en y incluant l&rsquo;ensemble des fichiers souhait\u00e9s.<\/p>\n\n\n\n<p>Apr\u00e8s finalisation de votre commande vous aurez acc\u00e8s autant de fois que vous le souhaitez \u00e0 vos fichiers mis \u00e0 jour tous les jours \u00e0 10h UTC dans l&rsquo;onglet t\u00e9l\u00e9chargements. Ainsi chaque jour, connectez vous \u00e0 votre compte et acc\u00e9dez \u00e0 vos gribs actualis\u00e9s via cet onglet<\/p>\n\n\n<div class=\"wp-block-image\">\n<figure class=\"aligncenter size-large\"><img loading=\"lazy\" decoding=\"async\" width=\"1024\" height=\"920\" src=\"http:\/\/barotropic.org\/wp-content\/uploads\/2023\/02\/telechargements-1024x920.png\" alt=\"\" class=\"wp-image-171\" srcset=\"https:\/\/barotropic.fr\/wp-content\/uploads\/2023\/02\/telechargements-1024x920.png 1024w, https:\/\/barotropic.fr\/wp-content\/uploads\/2023\/02\/telechargements-300x269.png 300w, https:\/\/barotropic.fr\/wp-content\/uploads\/2023\/02\/telechargements-768x690.png 768w, https:\/\/barotropic.fr\/wp-content\/uploads\/2023\/02\/telechargements-416x374.png 416w, https:\/\/barotropic.fr\/wp-content\/uploads\/2023\/02\/telechargements.png 1050w\" sizes=\"auto, (max-width: 1024px) 100vw, 1024px\" \/><\/figure>\n<\/div>","protected":false},"excerpt":{"rendered":"<p>Rien de plus simple. Passez votre commande en y incluant l&rsquo;ensemble des fichiers souhait\u00e9s. Apr\u00e8s finalisation de votre commande vous aurez acc\u00e8s autant de fois que vous le souhaitez \u00e0 vos fichiers mis \u00e0 jour tous les jours \u00e0 10h UTC dans l&rsquo;onglet t\u00e9l\u00e9chargements. Ainsi chaque jour, connectez vous \u00e0 votre compte et acc\u00e9dez \u00e0 [&hellip;]<\/p>\n","protected":false},"author":2,"featured_media":0,"parent":0,"menu_order":0,"comment_status":"closed","ping_status":"closed","template":"","meta":{"footnotes":""},"class_list":["post-170","page","type-page","status-publish","hentry"],"jetpack_sharing_enabled":true,"_links":{"self":[{"href":"https:\/\/barotropic.fr\/index.php\/wp-json\/wp\/v2\/pages\/170","targetHints":{"allow":["GET"]}}],"collection":[{"href":"https:\/\/barotropic.fr\/index.php\/wp-json\/wp\/v2\/pages"}],"about":[{"href":"https:\/\/barotropic.fr\/index.php\/wp-json\/wp\/v2\/types\/page"}],"author":[{"embeddable":true,"href":"https:\/\/barotropic.fr\/index.php\/wp-json\/wp\/v2\/users\/2"}],"replies":[{"embeddable":true,"href":"https:\/\/barotropic.fr\/index.php\/wp-json\/wp\/v2\/comments?post=170"}],"version-history":[{"count":4,"href":"https:\/\/barotropic.fr\/index.php\/wp-json\/wp\/v2\/pages\/170\/revisions"}],"predecessor-version":[{"id":2050,"href":"https:\/\/barotropic.fr\/index.php\/wp-json\/wp\/v2\/pages\/170\/revisions\/2050"}],"wp:attachment":[{"href":"https:\/\/barotropic.fr\/index.php\/wp-json\/wp\/v2\/media?parent=170"}],"curies":[{"name":"wp","href":"https:\/\/api.w.org\/{rel}","templated":true}]}}