{"id":19,"date":"2023-02-14T10:40:08","date_gmt":"2023-02-14T09:40:08","guid":{"rendered":"http:\/\/barotropic.org\/index.php\/mon-compte\/"},"modified":"2023-10-08T12:47:43","modified_gmt":"2023-10-08T10:47:43","slug":"mon-compte","status":"publish","type":"page","link":"https:\/\/barotropic.fr\/index.php\/mon-compte\/","title":{"rendered":"Mon compte"},"content":{"rendered":"\n<p>Nos pr\u00e9visions sont mises \u00e0 jour \u00e0 10h UTC<\/p>\n\n\n<div class=\"woocommerce\"><\/div>\n","protected":false},"excerpt":{"rendered":"<p>Nos pr\u00e9visions sont mises \u00e0 jour \u00e0 10h UTC<\/p>\n","protected":false},"author":2,"featured_media":0,"parent":0,"menu_order":0,"comment_status":"closed","ping_status":"closed","template":"","meta":{"footnotes":""},"class_list":["post-19","page","type-page","status-publish","hentry"],"jetpack_sharing_enabled":true,"_links":{"self":[{"href":"https:\/\/barotropic.fr\/index.php\/wp-json\/wp\/v2\/pages\/19","targetHints":{"allow":["GET"]}}],"collection":[{"href":"https:\/\/barotropic.fr\/index.php\/wp-json\/wp\/v2\/pages"}],"about":[{"href":"https:\/\/barotropic.fr\/index.php\/wp-json\/wp\/v2\/types\/page"}],"author":[{"embeddable":true,"href":"https:\/\/barotropic.fr\/index.php\/wp-json\/wp\/v2\/users\/2"}],"replies":[{"embeddable":true,"href":"https:\/\/barotropic.fr\/index.php\/wp-json\/wp\/v2\/comments?post=19"}],"version-history":[{"count":5,"href":"https:\/\/barotropic.fr\/index.php\/wp-json\/wp\/v2\/pages\/19\/revisions"}],"predecessor-version":[{"id":2064,"href":"https:\/\/barotropic.fr\/index.php\/wp-json\/wp\/v2\/pages\/19\/revisions\/2064"}],"wp:attachment":[{"href":"https:\/\/barotropic.fr\/index.php\/wp-json\/wp\/v2\/media?parent=19"}],"curies":[{"name":"wp","href":"https:\/\/api.w.org\/{rel}","templated":true}]}}