{"id":2,"date":"2023-02-14T10:16:38","date_gmt":"2023-02-14T09:16:38","guid":{"rendered":"http:\/\/barotropic.org\/?page_id=2"},"modified":"2023-10-07T11:55:42","modified_gmt":"2023-10-07T09:55:42","slug":"page-d-exemple","status":"publish","type":"page","link":"https:\/\/barotropic.fr\/","title":{"rendered":"Avec Barotropic restez au courant !"},"content":{"rendered":"\n<h1 class=\"has-text-align-center wp-block-heading\"><img loading=\"lazy\" decoding=\"async\" width=\"750\" height=\"225\" class=\"wp-image-126\" style=\"width: 750px;\" src=\"http:\/\/barotropic.org\/wp-content\/uploads\/2023\/02\/cropped-header.png\" alt=\"\" srcset=\"https:\/\/barotropic.fr\/wp-content\/uploads\/2023\/02\/cropped-header.png 1689w, https:\/\/barotropic.fr\/wp-content\/uploads\/2023\/02\/cropped-header-300x90.png 300w, https:\/\/barotropic.fr\/wp-content\/uploads\/2023\/02\/cropped-header-1024x307.png 1024w, https:\/\/barotropic.fr\/wp-content\/uploads\/2023\/02\/cropped-header-768x230.png 768w, https:\/\/barotropic.fr\/wp-content\/uploads\/2023\/02\/cropped-header-1536x460.png 1536w, https:\/\/barotropic.fr\/wp-content\/uploads\/2023\/02\/cropped-header-1320x395.png 1320w, https:\/\/barotropic.fr\/wp-content\/uploads\/2023\/02\/cropped-header-416x125.png 416w\" sizes=\"auto, (max-width: 750px) 100vw, 750px\" \/><\/h1>\n\n\n\n<p>Nos pr\u00e9visions au format Grib sont mises \u00e0 jour \u00e0 10h UTC<\/p>\n\n\n\n<p>Sur l&rsquo;ensemble des c\u00f4tes de la <strong>Manche et de l\u2019Atlantique<\/strong>, les mod\u00e8les Barotropic PREVIMER fournissent les pr\u00e9visions de <strong>courants, niveaux et surcotes<\/strong> toutes les 15 minutes. Les courants fournis sont moyenn\u00e9s sur la colonne d\u2019eau.<\/p>\n\n\n\n<p>Les pr\u00e9visions sont obtenues en op\u00e9rant des <strong>mod\u00e8les num\u00e9riques<\/strong>, calcul\u00e9s par ordinateur, \u00e0 partir de la g\u00e9ographie de la c\u00f4te et des fonds, ainsi que des donn\u00e9es m\u00e9t\u00e9orologiques et oc\u00e9aniques qui viennent initier et forcer toutes ces dynamiques.<\/p>\n\n\n\n<p>Parall\u00e8lement, des <strong>mesures<\/strong> sont acquises : elles fournissent les valeurs de certains param\u00e8tres qui sont d\u2019une part archiv\u00e9es dans un centre de donn\u00e9es, d\u2019autre part compar\u00e9es aux pr\u00e9visions afin d\u2019en estimer la validit\u00e9.<\/p>\n\n\n\n<p>Une m\u00e9thode d\u2019embo\u00eetement est mise en place pour le calcul. Elle consiste \u00e0 construire une s\u00e9rie de mod\u00e8les gigognes depuis une large emprise \u00e0 faible r\u00e9solution (rang 0 \u00e0 2 km) jusqu\u2019aux mod\u00e8les de petites emprises et haute r\u00e9solution (rang 2 \u00e0 250m). L\u2019embo\u00eetement mis en \u0153uvre ici comporte trois rangs (0, 1 et 2). Sur les c\u00f4tes de la Manche et de l\u2019Atlantique, 7 mod\u00e8les ont \u00e9t\u00e9 d\u00e9velopp\u00e9s : leurs r\u00e9solutions spatiale et temporelle est r\u00e9sum\u00e9 dans le tableau suivant. <\/p>\n\n\n\n<figure class=\"wp-block-table\"><table class=\"has-white-color has-text-color\"><tbody><tr><td><strong>Nom<\/strong><\/td><td><strong>R\u00e9solution spatiale<\/strong><\/td><td><strong>R\u00e9solution temporelle<\/strong><\/td><\/tr><tr><td>Atlantique Nord Est<\/td><td>1.08 NM (2 Km)<\/td><td>1 h<\/td><\/tr><tr><td>Manche et&nbsp;Atlantique<\/td><td>0.37 NM (700m)<\/td><td>1 h<\/td><\/tr><tr><td>Manche Est<\/td><td>0.13 NM (250 m)<\/td><td>15 mn<\/td><\/tr><tr><td>Manche Ouest<\/td><td>0.13 NM (250 m)<\/td><td>15 mn<\/td><\/tr><tr><td>Finist\u00e8re<\/td><td>0.13 NM (250 m)<\/td><td>15 mn<\/td><\/tr><tr><td>Sud Bretagne<\/td><td>0.13 NM (250 m)<\/td><td>15 mn<\/td><\/tr><tr><td>Aquitaine<\/td><td>0.13 NM (250 m)<\/td><td>15 mn<\/td><\/tr><\/tbody><\/table><\/figure>\n\n\n\n<p>Ces mod\u00e8les pr\u00e9sentent des <strong>am\u00e9liorations importantes<\/strong> par rapport aux pr\u00e9c\u00e9dentes versions : am\u00e9lioration de la r\u00e9solution spatiale, meilleure param\u00e9trisation de l\u2019action du vent, meilleur for\u00e7age m\u00e9t\u00e9orologique, meilleur for\u00e7age de mar\u00e9e. Ils ont \u00e9t\u00e9 valid\u00e9s en 19 mar\u00e9graphes pour les hauteurs et surcotes et en 95 points de mesures de courants fournis par le SHOM. <\/p>\n\n\n\n<p>Ces mod\u00e8les ont \u00e9t\u00e9 d\u00e9velopp\u00e9s en collaboration avec IFREMER, PREVIMER, SHOM, CNRS, BRGM.<\/p>\n\n\n\n<p>Vous souhaitez en savoir plus sur l&rsquo;\u00e9tude PREVIMER ? t\u00e9l\u00e9chargez la newsletter Mercator Ocean <a href=\"http:\/\/barotropic.org\/Mercator-Ocean-newsletter-2014_49.pdf\" data-type=\"URL\" target=\"_blank\" rel=\"noreferrer noopener\">ICI<\/a><\/p>\n","protected":false},"excerpt":{"rendered":"<p>Nos pr\u00e9visions au format Grib sont mises \u00e0 jour \u00e0 10h UTC Sur l&rsquo;ensemble des c\u00f4tes de la Manche et de l\u2019Atlantique, les mod\u00e8les Barotropic PREVIMER fournissent les pr\u00e9visions de courants, niveaux et surcotes toutes les 15 minutes. Les courants fournis sont moyenn\u00e9s sur la colonne d\u2019eau. Les pr\u00e9visions sont obtenues en op\u00e9rant des mod\u00e8les [&hellip;]<\/p>\n","protected":false},"author":2,"featured_media":0,"parent":0,"menu_order":0,"comment_status":"closed","ping_status":"open","template":"","meta":{"footnotes":""},"class_list":["post-2","page","type-page","status-publish","hentry"],"jetpack_sharing_enabled":true,"_links":{"self":[{"href":"https:\/\/barotropic.fr\/index.php\/wp-json\/wp\/v2\/pages\/2","targetHints":{"allow":["GET"]}}],"collection":[{"href":"https:\/\/barotropic.fr\/index.php\/wp-json\/wp\/v2\/pages"}],"about":[{"href":"https:\/\/barotropic.fr\/index.php\/wp-json\/wp\/v2\/types\/page"}],"author":[{"embeddable":true,"href":"https:\/\/barotropic.fr\/index.php\/wp-json\/wp\/v2\/users\/2"}],"replies":[{"embeddable":true,"href":"https:\/\/barotropic.fr\/index.php\/wp-json\/wp\/v2\/comments?post=2"}],"version-history":[{"count":17,"href":"https:\/\/barotropic.fr\/index.php\/wp-json\/wp\/v2\/pages\/2\/revisions"}],"predecessor-version":[{"id":2049,"href":"https:\/\/barotropic.fr\/index.php\/wp-json\/wp\/v2\/pages\/2\/revisions\/2049"}],"wp:attachment":[{"href":"https:\/\/barotropic.fr\/index.php\/wp-json\/wp\/v2\/media?parent=2"}],"curies":[{"name":"wp","href":"https:\/\/api.w.org\/{rel}","templated":true}]}}